{"id":194,"date":"2019-02-15T23:00:39","date_gmt":"2019-02-15T22:00:39","guid":{"rendered":"http:\/\/sandbox.favethemes.com\/houzez\/?page_id=194"},"modified":"2022-09-29T16:08:47","modified_gmt":"2022-09-29T14:08:47","slug":"homepage-with-map","status":"publish","type":"page","link":"https:\/\/www.millstone.be\/","title":{"rendered":"Millstone &#8211; Accueil"},"content":{"rendered":"<p>[vc_row full_width=\u00a0\u00bbstretch_row\u00a0\u00bb css=\u00a0\u00bb.vc_custom_1465933462117{background-color: #ffffff !important;}\u00a0\u00bb][vc_column 0=\u00a0\u00bb\u00a0\u00bb]\t\t<div\r\n\t\t\tclass=\"houzez-module module-title section-title-module text-center \">\r\n\t\t\t<h2>Millstone, votre partenaire de confiance!<\/h2>\r\n\r\n\t\t\t<h3 class=\"sub-heading\"><\/h3>\r\n\t\t<\/div>\r\n\t\t[vc_column_text 0=\u00a0\u00bb\u00a0\u00bb]<\/p>\n<p style=\"text-align: center;\"><span style=\"font-weight: 400;\">Chez Millstone, avant d\u2019\u00eatre un m\u00e9tier, l&rsquo;immobilier est une vraie passion. Nous sommes tous susceptibles un jour de r\u00e9aliser des actes immobiliers de petites ou de grandes envergures. Que ce soit dans le cadre d\u2019une acquisition ou d&rsquo;une vente, d\u2019une location, ou pour des travaux de r\u00e9novation ou d\u2019am\u00e9nagement.<\/span><\/p>\n<p style=\"text-align: center;\">\n<p style=\"text-align: center;\"><span style=\"font-weight: 400;\">Nous agissons en temps qu\u2019interm\u00e9diaire et vous accompagnons dans vos projets avec bienveillance. Nous souhaitons entretenir avec nos clients une relation qui va au-del\u00e0 d\u2019une simple affaire conclue. Vous pouvez compter <\/span><span style=\"font-weight: 400;\">sur notre disponibilit\u00e9 et nos conseils avis\u00e9s afin d\u2019\u00e9tablir un plan d\u2019investissement ou de gestion sur plusieurs ann\u00e9es.<\/span><\/p>\n<p style=\"text-align: center;\">\n<p style=\"text-align: center;\"><span style=\"font-weight: 400;\">Install\u00e9s en contre-bas du Vert-Chasseur \u00e0 Uccle, nous vous accueillons sur rendez-vous \u00e0 bureau ferm\u00e9 afin de vous garantir un contact plus personnel et adapt\u00e9 \u00e0 un service sur mesure\u00a0<\/span><\/p>\n<p>[\/vc_column_text][\/vc_column][vc_column 0=\u00a0\u00bb\u00a0\u00bb][vc_cta h2=\u00a0\u00bbVous \u00eates propri\u00e9taire ou investisseur et vous souhaitez travailler avec un partenaire de confiance?\u00a0\u00bb h4=\u00a0\u00bbPrenons rendez-vous et r\u00e9alisons ensemble l&rsquo;analyse de votre patrimoine ainsi que de vos besoins futurs et cela sans engagement! \u00a0\u00bb txt_align=\u00a0\u00bbcenter\u00a0\u00bb shape=\u00a0\u00bbsquare\u00a0\u00bb style=\u00a0\u00bbflat\u00a0\u00bb color=\u00a0\u00bborange\u00a0\u00bb add_button=\u00a0\u00bbbottom\u00a0\u00bb btn_title=\u00a0\u00bbContactez-nous\u00a0\u00bb btn_shape=\u00a0\u00bbsquare\u00a0\u00bb btn_color=\u00a0\u00bbwhite\u00a0\u00bb btn_align=\u00a0\u00bbcenter\u00a0\u00bb btn_link=\u00a0\u00bburl:http%3A%2F%2Fwww.millstone.be%2Findex.php%2Fcontact%2F|title:Contactez-nous||\u00a0\u00bb][\/vc_cta][\/vc_column][\/vc_row]<\/p>\n","protected":false},"excerpt":{"rendered":"<p>[vc_row full_width=\u00a0\u00bbstretch_row\u00a0\u00bb css=\u00a0\u00bb.vc_custom_1465933462117{background-color: #ffffff !important;}\u00a0\u00bb][vc_column 0=\u00a0\u00bb\u00a0\u00bb][vc_column_text 0=\u00a0\u00bb\u00a0\u00bb] Chez Millstone, avant d\u2019\u00eatre un m\u00e9tier, l&rsquo;immobilier est une vraie passion. Nous sommes tous susceptibles un jour de r\u00e9aliser des actes immobiliers de petites ou de grandes envergures. Que ce soit dans le cadre d\u2019une acquisition ou d&rsquo;une vente, d\u2019une location, ou pour des travaux de r\u00e9novation ou [&hellip;]<\/p>\n","protected":false},"author":1,"featured_media":0,"parent":0,"menu_order":0,"comment_status":"closed","ping_status":"closed","template":"template\/template-homepage.php","meta":[],"_links":{"self":[{"href":"https:\/\/www.millstone.be\/index.php\/wp-json\/wp\/v2\/pages\/194"}],"collection":[{"href":"https:\/\/www.millstone.be\/index.php\/wp-json\/wp\/v2\/pages"}],"about":[{"href":"https:\/\/www.millstone.be\/index.php\/wp-json\/wp\/v2\/types\/page"}],"author":[{"embeddable":true,"href":"https:\/\/www.millstone.be\/index.php\/wp-json\/wp\/v2\/users\/1"}],"replies":[{"embeddable":true,"href":"https:\/\/www.millstone.be\/index.php\/wp-json\/wp\/v2\/comments?post=194"}],"version-history":[{"count":29,"href":"https:\/\/www.millstone.be\/index.php\/wp-json\/wp\/v2\/pages\/194\/revisions"}],"predecessor-version":[{"id":2373,"href":"https:\/\/www.millstone.be\/index.php\/wp-json\/wp\/v2\/pages\/194\/revisions\/2373"}],"wp:attachment":[{"href":"https:\/\/www.millstone.be\/index.php\/wp-json\/wp\/v2\/media?parent=194"}],"curies":[{"name":"wp","href":"https:\/\/api.w.org\/{rel}","templated":true}]}}