{"id":1873,"date":"2019-09-25T02:19:23","date_gmt":"2019-09-25T00:19:23","guid":{"rendered":"http:\/\/www.millstone.be\/?page_id=1873"},"modified":"2019-11-27T16:44:51","modified_gmt":"2019-11-27T15:44:51","slug":"gestion-privative","status":"publish","type":"page","link":"https:\/\/www.millstone.be\/index.php\/gestion-privative\/","title":{"rendered":"Gestion privative"},"content":{"rendered":"<p>[vc_row][vc_column]\t\t<div\r\n\t\t\tclass=\"houzez-module module-title section-title-module text-center \">\r\n\t\t\t<h2>Vous rencontrez des difficult\u00e9s \u00e0 g\u00e9rer votre patrimoine ?<\/h2>\r\n\r\n\t\t\t<h3 class=\"sub-heading\"><\/h3>\r\n\t\t<\/div>\r\n\t\t[vc_column_text]<\/p>\n<p style=\"text-align: center;\">Une bonne gestion est la base d\u2019un investissement sain et la p\u00e9rennit\u00e9 de celui-ci.<\/p>\n<p style=\"text-align: center;\">Elle n\u2019est pas donn\u00e9e \u00e0 tout le monde car elle demande beaucoup de temps et d\u2019\u00e9nergie. Cela peut vite devenir un travail \u00e0 plein temps et ce n\u2019est pas toujours possible de la combiner \u00e0 d\u2019autres occupations professionnelles ou d\u2019ordre personnel pour raison de sant\u00e9 ou de d\u00e9m\u00e9nagement \u00e0 l\u2019\u00e9tranger\u2026<\/p>\n<p style=\"text-align: center;\">Millstone a une solution de gestion vous permettant de rester propri\u00e9taire de votre patrimoine sans qu\u2019il ne devienne une charge trop importante. Cela comprend \u00e9videmment la gestion locative mais \u00e9galement tout ce qui concerne les assurances, les r\u00e9parations ou les actes juridiques\u2026<\/p>\n<p style=\"text-align: center;\">Ce service vous permet de confier la gestion \u00e0 un interm\u00e9diaire de confiance et de vous concentrer sur d\u2019autres priorit\u00e9s tout en percevant vos loyers sans avoir \u00e0 vendre.<\/p>\n<p>[\/vc_column_text][vc_cta h2=\u00a0\u00bbPrenons rendez-vous pour une analyse sans engagement !\u00a0\u00bb txt_align=\u00a0\u00bbcenter\u00a0\u00bb shape=\u00a0\u00bbsquare\u00a0\u00bb style=\u00a0\u00bbflat\u00a0\u00bb color=\u00a0\u00bborange\u00a0\u00bb add_button=\u00a0\u00bbbottom\u00a0\u00bb btn_title=\u00a0\u00bbPrendre rendez-vous\u00a0\u00bb btn_shape=\u00a0\u00bbsquare\u00a0\u00bb btn_color=\u00a0\u00bbwhite\u00a0\u00bb btn_align=\u00a0\u00bbcenter\u00a0\u00bb btn_link=\u00a0\u00bburl:http%3A%2F%2Fwww.millstone.be%2Findex.php%2Fcontact%2F|||\u00a0\u00bb][\/vc_cta][\/vc_column][\/vc_row][vc_row][vc_column][vc_single_image source=\u00a0\u00bbfeatured_image\u00a0\u00bb img_size=\u00a0\u00bbfull\u00a0\u00bb][\/vc_column][\/vc_row]<\/p>\n","protected":false},"excerpt":{"rendered":"<p>[vc_row][vc_column][vc_column_text] Une bonne gestion est la base d\u2019un investissement sain et la p\u00e9rennit\u00e9 de celui-ci. Elle n\u2019est pas donn\u00e9e \u00e0 tout le monde car elle demande beaucoup de temps et d\u2019\u00e9nergie. Cela peut vite devenir un travail \u00e0 plein temps et ce n\u2019est pas toujours possible de la combiner \u00e0 d\u2019autres occupations professionnelles ou d\u2019ordre [&hellip;]<\/p>\n","protected":false},"author":1,"featured_media":1826,"parent":0,"menu_order":0,"comment_status":"closed","ping_status":"closed","template":"template\/template-homepage.php","meta":[],"_links":{"self":[{"href":"https:\/\/www.millstone.be\/index.php\/wp-json\/wp\/v2\/pages\/1873"}],"collection":[{"href":"https:\/\/www.millstone.be\/index.php\/wp-json\/wp\/v2\/pages"}],"about":[{"href":"https:\/\/www.millstone.be\/index.php\/wp-json\/wp\/v2\/types\/page"}],"author":[{"embeddable":true,"href":"https:\/\/www.millstone.be\/index.php\/wp-json\/wp\/v2\/users\/1"}],"replies":[{"embeddable":true,"href":"https:\/\/www.millstone.be\/index.php\/wp-json\/wp\/v2\/comments?post=1873"}],"version-history":[{"count":7,"href":"https:\/\/www.millstone.be\/index.php\/wp-json\/wp\/v2\/pages\/1873\/revisions"}],"predecessor-version":[{"id":2011,"href":"https:\/\/www.millstone.be\/index.php\/wp-json\/wp\/v2\/pages\/1873\/revisions\/2011"}],"wp:featuredmedia":[{"embeddable":true,"href":"https:\/\/www.millstone.be\/index.php\/wp-json\/wp\/v2\/media\/1826"}],"wp:attachment":[{"href":"https:\/\/www.millstone.be\/index.php\/wp-json\/wp\/v2\/media?parent=1873"}],"curies":[{"name":"wp","href":"https:\/\/api.w.org\/{rel}","templated":true}]}}